{"id":2273,"date":"2020-10-23T17:04:23","date_gmt":"2020-10-23T17:04:23","guid":{"rendered":"https:\/\/casadavointeriores.pt\/?post_type=product&#038;p=2273"},"modified":"2022-09-06T17:14:24","modified_gmt":"2022-09-06T17:14:24","slug":"saladeira","status":"publish","type":"product","link":"https:\/\/casadavointeriores.pt\/en\/product\/saladeira\/","title":{"rendered":"Escorredor de Salada"},"content":{"rendered":"<p>material: acr\u00edlico<\/p>\n<p>26cm d x 19cm altura<\/p>\n<p>Obs.: Resistente ao calor. Pode ir ao micro-ondas (Max 400 W &#8211; Max 3 Min &#8211; Max 100\u00b0C).<br \/>\nN\u00e3o se aconselha a aquecer \u00f3leos, gordura ou a\u00e7\u00facar porque pode atingir temperaturas acima dos 100\u00baC e danificar o produto.<br \/>\nPode ir \u00e0 m\u00e1quina de lavar loi\u00e7a.<br \/>\n\u00c9 recicl\u00e1vel.<\/p>","protected":false},"excerpt":{"rendered":"<p>26cm d x 19cm altura<\/p>","protected":false},"featured_media":2313,"comment_status":"closed","ping_status":"closed","template":"","meta":[],"yst_prominent_words":[],"class_list":{"0":"post-2273","1":"product","2":"type-product","3":"status-publish","4":"has-post-thumbnail","6":"product_cat-utilitarios-acrilicos","7":"product_cat-novidades","8":"product_cat-utilitarios-saladeiras","9":"product_cat-utilitarios","10":"product_tag-acrilico","11":"product_tag-guzzini","12":"product_tag-saladeira","13":"entry","14":"has-media","17":"first","18":"outofstock","19":"shipping-taxable","20":"purchasable","21":"product-type-simple","22":"has-product-nav","23":"col","24":"span_1_of_4","25":"owp-content-center","26":"owp-thumbs-layout-horizontal","27":"owp-btn-normal","28":"owp-tabs-layout-horizontal"},"_links":{"self":[{"href":"https:\/\/casadavointeriores.pt\/en\/wp-json\/wp\/v2\/product\/2273","targetHints":{"allow":["GET"]}}],"collection":[{"href":"https:\/\/casadavointeriores.pt\/en\/wp-json\/wp\/v2\/product"}],"about":[{"href":"https:\/\/casadavointeriores.pt\/en\/wp-json\/wp\/v2\/types\/product"}],"replies":[{"embeddable":true,"href":"https:\/\/casadavointeriores.pt\/en\/wp-json\/wp\/v2\/comments?post=2273"}],"wp:featuredmedia":[{"embeddable":true,"href":"https:\/\/casadavointeriores.pt\/en\/wp-json\/wp\/v2\/media\/2313"}],"wp:attachment":[{"href":"https:\/\/casadavointeriores.pt\/en\/wp-json\/wp\/v2\/media?parent=2273"}],"wp:term":[{"taxonomy":"yst_prominent_words","embeddable":true,"href":"https:\/\/casadavointeriores.pt\/en\/wp-json\/wp\/v2\/yst_prominent_words?post=2273"}],"curies":[{"name":"wp","href":"https:\/\/api.w.org\/{rel}","templated":true}]}}