{"id":2315,"date":"2020-10-23T17:34:42","date_gmt":"2020-10-23T17:34:42","guid":{"rendered":"https:\/\/casadavointeriores.pt\/?post_type=product&#038;p=2315"},"modified":"2020-10-23T17:34:42","modified_gmt":"2020-10-23T17:34:42","slug":"espiralizador","status":"publish","type":"product","link":"https:\/\/casadavointeriores.pt\/en\/product\/espiralizador\/","title":{"rendered":"Espiralizador"},"content":{"rendered":"<p>material: acr\u00edlico<\/p>\n<p>9cm d x 14cm altura<\/p>\n<p>Obs.: Pode ir \u00e0 m\u00e1quina de lavar loi\u00e7a.<br \/>\n\u00c9 recicl\u00e1vel.<\/p>","protected":false},"excerpt":{"rendered":"<p>9cm d x 14cm altura<\/p>","protected":false},"featured_media":2306,"comment_status":"closed","ping_status":"closed","template":"","meta":[],"yst_prominent_words":[],"class_list":{"0":"post-2315","1":"product","2":"type-product","3":"status-publish","4":"has-post-thumbnail","6":"product_cat-utilitarios-acrilicos","7":"product_cat-novidades","8":"product_cat-utilitarios","9":"product_tag-acrilico","10":"product_tag-espiralizador","11":"product_tag-guzzini","12":"entry","13":"has-media","16":"first","17":"instock","18":"shipping-taxable","19":"purchasable","20":"product-type-simple","21":"has-product-nav","22":"col","23":"span_1_of_4","24":"owp-content-center","25":"owp-thumbs-layout-horizontal","26":"owp-btn-normal","27":"owp-tabs-layout-horizontal"},"_links":{"self":[{"href":"https:\/\/casadavointeriores.pt\/en\/wp-json\/wp\/v2\/product\/2315","targetHints":{"allow":["GET"]}}],"collection":[{"href":"https:\/\/casadavointeriores.pt\/en\/wp-json\/wp\/v2\/product"}],"about":[{"href":"https:\/\/casadavointeriores.pt\/en\/wp-json\/wp\/v2\/types\/product"}],"replies":[{"embeddable":true,"href":"https:\/\/casadavointeriores.pt\/en\/wp-json\/wp\/v2\/comments?post=2315"}],"wp:featuredmedia":[{"embeddable":true,"href":"https:\/\/casadavointeriores.pt\/en\/wp-json\/wp\/v2\/media\/2306"}],"wp:attachment":[{"href":"https:\/\/casadavointeriores.pt\/en\/wp-json\/wp\/v2\/media?parent=2315"}],"wp:term":[{"taxonomy":"yst_prominent_words","embeddable":true,"href":"https:\/\/casadavointeriores.pt\/en\/wp-json\/wp\/v2\/yst_prominent_words?post=2315"}],"curies":[{"name":"wp","href":"https:\/\/api.w.org\/{rel}","templated":true}]}}