{"id":2316,"date":"2020-10-23T17:41:02","date_gmt":"2020-10-23T17:41:02","guid":{"rendered":"https:\/\/casadavointeriores.pt\/?post_type=product&#038;p=2316"},"modified":"2025-01-24T15:57:48","modified_gmt":"2025-01-24T15:57:48","slug":"escorredor","status":"publish","type":"product","link":"https:\/\/casadavointeriores.pt\/en\/product\/escorredor\/","title":{"rendered":"Escorredor"},"content":{"rendered":"<p>material: acr\u00edlico<\/p>\n<p>30cm x 25cm x 12,5 cm altura<\/p>\n<p>Obs.: Pode ir \u00e0 m\u00e1quina de lavar loi\u00e7a.<br \/>\n\u00c9 recicl\u00e1vel.<\/p>","protected":false},"excerpt":{"rendered":"<p>30cm x 25cm x 12,5 cm altura<\/p>","protected":false},"featured_media":2301,"comment_status":"closed","ping_status":"closed","template":"","meta":[],"yst_prominent_words":[],"class_list":{"0":"post-2316","1":"product","2":"type-product","3":"status-publish","4":"has-post-thumbnail","6":"product_cat-novidades","7":"product_cat-utilitarios-saladeiras","8":"product_cat-utilitarios","9":"product_tag-acrilico","10":"product_tag-escorredor","11":"product_tag-guzzini","12":"product_tag-saladeira","13":"entry","14":"has-media","17":"first","18":"instock","19":"shipping-taxable","20":"purchasable","21":"product-type-simple","22":"has-product-nav","23":"col","24":"span_1_of_4","25":"owp-content-center","26":"owp-thumbs-layout-horizontal","27":"owp-btn-normal","28":"owp-tabs-layout-horizontal"},"_links":{"self":[{"href":"https:\/\/casadavointeriores.pt\/en\/wp-json\/wp\/v2\/product\/2316","targetHints":{"allow":["GET"]}}],"collection":[{"href":"https:\/\/casadavointeriores.pt\/en\/wp-json\/wp\/v2\/product"}],"about":[{"href":"https:\/\/casadavointeriores.pt\/en\/wp-json\/wp\/v2\/types\/product"}],"replies":[{"embeddable":true,"href":"https:\/\/casadavointeriores.pt\/en\/wp-json\/wp\/v2\/comments?post=2316"}],"wp:featuredmedia":[{"embeddable":true,"href":"https:\/\/casadavointeriores.pt\/en\/wp-json\/wp\/v2\/media\/2301"}],"wp:attachment":[{"href":"https:\/\/casadavointeriores.pt\/en\/wp-json\/wp\/v2\/media?parent=2316"}],"wp:term":[{"taxonomy":"yst_prominent_words","embeddable":true,"href":"https:\/\/casadavointeriores.pt\/en\/wp-json\/wp\/v2\/yst_prominent_words?post=2316"}],"curies":[{"name":"wp","href":"https:\/\/api.w.org\/{rel}","templated":true}]}}