{"id":2350,"date":"2020-10-24T14:32:46","date_gmt":"2020-10-24T14:32:46","guid":{"rendered":"https:\/\/casadavointeriores.pt\/?post_type=product&#038;p=2350"},"modified":"2025-09-03T11:31:48","modified_gmt":"2025-09-03T11:31:48","slug":"tupperware-4","status":"publish","type":"product","link":"https:\/\/casadavointeriores.pt\/en\/product\/tupperware-4\/","title":{"rendered":"Ta\u00e7a com Tampa"},"content":{"rendered":"<p>material: acr\u00edlico<\/p>\n<p>cor: verde<\/p>\n<p>tamanho: M<\/p>\n<p>18cm d x 7,6cm altura<\/p>\n<p>pode ir \u00e0 m\u00e1quina da loi\u00e7a<\/p>","protected":false},"excerpt":{"rendered":"<p>tamanho: M<\/p>","protected":false},"featured_media":2349,"comment_status":"closed","ping_status":"closed","template":"","meta":[],"yst_prominent_words":[],"class_list":{"0":"post-2350","1":"product","2":"type-product","3":"status-publish","4":"has-post-thumbnail","6":"product_cat-utilitarios-acrilicos","7":"product_cat-novidades","8":"product_cat-utilitarios-saladeiras","9":"product_cat-utilitarios","10":"product_tag-acrilico","11":"product_tag-guzzini","12":"product_tag-saladeira","13":"product_tag-verde","14":"entry","15":"has-media","18":"first","19":"outofstock","20":"shipping-taxable","21":"purchasable","22":"product-type-simple","23":"has-product-nav","24":"col","25":"span_1_of_4","26":"owp-content-center","27":"owp-thumbs-layout-horizontal","28":"owp-btn-normal","29":"owp-tabs-layout-horizontal"},"_links":{"self":[{"href":"https:\/\/casadavointeriores.pt\/en\/wp-json\/wp\/v2\/product\/2350","targetHints":{"allow":["GET"]}}],"collection":[{"href":"https:\/\/casadavointeriores.pt\/en\/wp-json\/wp\/v2\/product"}],"about":[{"href":"https:\/\/casadavointeriores.pt\/en\/wp-json\/wp\/v2\/types\/product"}],"replies":[{"embeddable":true,"href":"https:\/\/casadavointeriores.pt\/en\/wp-json\/wp\/v2\/comments?post=2350"}],"wp:featuredmedia":[{"embeddable":true,"href":"https:\/\/casadavointeriores.pt\/en\/wp-json\/wp\/v2\/media\/2349"}],"wp:attachment":[{"href":"https:\/\/casadavointeriores.pt\/en\/wp-json\/wp\/v2\/media?parent=2350"}],"wp:term":[{"taxonomy":"yst_prominent_words","embeddable":true,"href":"https:\/\/casadavointeriores.pt\/en\/wp-json\/wp\/v2\/yst_prominent_words?post=2350"}],"curies":[{"name":"wp","href":"https:\/\/api.w.org\/{rel}","templated":true}]}}