{"id":2357,"date":"2020-10-24T14:53:29","date_gmt":"2020-10-24T14:53:29","guid":{"rendered":"https:\/\/casadavointeriores.pt\/?post_type=product&#038;p=2357"},"modified":"2023-08-21T15:14:20","modified_gmt":"2023-08-21T15:14:20","slug":"caixa-3","status":"publish","type":"product","link":"https:\/\/casadavointeriores.pt\/en\/product\/caixa-3\/","title":{"rendered":"Caixa"},"content":{"rendered":"<div class=\"woocommerce-tabs wc-tabs-wrapper\">\n<div id=\"tab-description\" class=\"woocommerce-Tabs-panel woocommerce-Tabs-panel--description panel entry-content wc-tab\" role=\"tabpanel\" aria-labelledby=\"tab-title-description\">\n<p>material: acr\u00edlico com tampa em bambu<\/p>\n<p>cor: branco<\/p>\n<p>tamanho: S<\/p>\n<p>12.3cm x 9.4cm x 11 cm altura<\/p>\n<p>pode ir \u00e0 m\u00e1quina da loi\u00e7a<\/p>\n<\/div>\n<\/div>","protected":false},"excerpt":{"rendered":"<p>12.3cm x 9.4cm x 11 cm altura<\/p>","protected":false},"featured_media":2348,"comment_status":"closed","ping_status":"closed","template":"","meta":[],"yst_prominent_words":[],"class_list":{"0":"post-2357","1":"product","2":"type-product","3":"status-publish","4":"has-post-thumbnail","6":"product_cat-utilitarios-acrilicos","7":"product_cat-utilitarios-caixas-tabuas-pao","8":"product_cat-novidades","9":"product_cat-utilitarios","10":"product_tag-acrilico","11":"product_tag-bambu","12":"product_tag-caixa","13":"product_tag-guzzini","14":"entry","15":"has-media","18":"first","19":"outofstock","20":"shipping-taxable","21":"purchasable","22":"product-type-simple","23":"has-product-nav","24":"col","25":"span_1_of_4","26":"owp-content-center","27":"owp-thumbs-layout-horizontal","28":"owp-btn-normal","29":"owp-tabs-layout-horizontal"},"_links":{"self":[{"href":"https:\/\/casadavointeriores.pt\/en\/wp-json\/wp\/v2\/product\/2357","targetHints":{"allow":["GET"]}}],"collection":[{"href":"https:\/\/casadavointeriores.pt\/en\/wp-json\/wp\/v2\/product"}],"about":[{"href":"https:\/\/casadavointeriores.pt\/en\/wp-json\/wp\/v2\/types\/product"}],"replies":[{"embeddable":true,"href":"https:\/\/casadavointeriores.pt\/en\/wp-json\/wp\/v2\/comments?post=2357"}],"wp:featuredmedia":[{"embeddable":true,"href":"https:\/\/casadavointeriores.pt\/en\/wp-json\/wp\/v2\/media\/2348"}],"wp:attachment":[{"href":"https:\/\/casadavointeriores.pt\/en\/wp-json\/wp\/v2\/media?parent=2357"}],"wp:term":[{"taxonomy":"yst_prominent_words","embeddable":true,"href":"https:\/\/casadavointeriores.pt\/en\/wp-json\/wp\/v2\/yst_prominent_words?post=2357"}],"curies":[{"name":"wp","href":"https:\/\/api.w.org\/{rel}","templated":true}]}}