{"id":2386,"date":"2020-10-24T15:39:18","date_gmt":"2020-10-24T15:39:18","guid":{"rendered":"https:\/\/casadavointeriores.pt\/?post_type=product&#038;p=2386"},"modified":"2025-09-03T11:29:55","modified_gmt":"2025-09-03T11:29:55","slug":"bandeja-2","status":"publish","type":"product","link":"https:\/\/casadavointeriores.pt\/en\/product\/bandeja-2\/","title":{"rendered":"Bandeja"},"content":{"rendered":"<p>material: acr\u00edlico<\/p>\n<p>cor: branco<\/p>\n<p>41cm x 22.9cm x 4.2 cm altura<\/p>\n<p>pode ir \u00e0 m\u00e1quina da loi\u00e7a<\/p>","protected":false},"excerpt":{"rendered":"<p>41cm x 22.9cm x 4.2 cm altura<\/p>","protected":false},"featured_media":2278,"comment_status":"closed","ping_status":"closed","template":"","meta":[],"yst_prominent_words":[],"class_list":{"0":"post-2386","1":"product","2":"type-product","3":"status-publish","4":"has-post-thumbnail","6":"product_cat-utilitarios-acrilicos","7":"product_cat-novidades","8":"product_cat-utilitarios","9":"product_tag-acrilico","10":"product_tag-bandeja","11":"product_tag-guzzini","12":"entry","13":"has-media","16":"first","17":"outofstock","18":"shipping-taxable","19":"purchasable","20":"product-type-simple","21":"has-product-nav","22":"col","23":"span_1_of_4","24":"owp-content-center","25":"owp-thumbs-layout-horizontal","26":"owp-btn-normal","27":"owp-tabs-layout-horizontal"},"_links":{"self":[{"href":"https:\/\/casadavointeriores.pt\/en\/wp-json\/wp\/v2\/product\/2386","targetHints":{"allow":["GET"]}}],"collection":[{"href":"https:\/\/casadavointeriores.pt\/en\/wp-json\/wp\/v2\/product"}],"about":[{"href":"https:\/\/casadavointeriores.pt\/en\/wp-json\/wp\/v2\/types\/product"}],"replies":[{"embeddable":true,"href":"https:\/\/casadavointeriores.pt\/en\/wp-json\/wp\/v2\/comments?post=2386"}],"wp:featuredmedia":[{"embeddable":true,"href":"https:\/\/casadavointeriores.pt\/en\/wp-json\/wp\/v2\/media\/2278"}],"wp:attachment":[{"href":"https:\/\/casadavointeriores.pt\/en\/wp-json\/wp\/v2\/media?parent=2386"}],"wp:term":[{"taxonomy":"yst_prominent_words","embeddable":true,"href":"https:\/\/casadavointeriores.pt\/en\/wp-json\/wp\/v2\/yst_prominent_words?post=2386"}],"curies":[{"name":"wp","href":"https:\/\/api.w.org\/{rel}","templated":true}]}}