{"id":2395,"date":"2020-10-24T18:52:40","date_gmt":"2020-10-24T18:52:40","guid":{"rendered":"https:\/\/casadavointeriores.pt\/?post_type=product&#038;p=2395"},"modified":"2026-01-30T17:19:34","modified_gmt":"2026-01-30T17:19:34","slug":"jarro-de-agua-3","status":"publish","type":"product","link":"https:\/\/casadavointeriores.pt\/en\/product\/jarro-de-agua-3\/","title":{"rendered":"Jarro de \u00c1gua"},"content":{"rendered":"<p>material: acr\u00edlico<\/p>\n<p>cor: branco<\/p>\n<p>18,7cm x 13,4cm x 26,9cm altura<\/p>\n<p>pode ir \u00e0 m\u00e1quina da loi\u00e7a<\/p>","protected":false},"excerpt":{"rendered":"<p>acr\u00edlico<\/p>","protected":false},"featured_media":2377,"comment_status":"closed","ping_status":"closed","template":"","meta":[],"yst_prominent_words":[],"class_list":{"0":"post-2395","1":"product","2":"type-product","3":"status-publish","4":"has-post-thumbnail","6":"product_cat-utilitarios-acessorios-mesa","7":"product_cat-utilitarios-acrilicos","8":"product_cat-utilitarios-canecas","9":"product_cat-novidades","10":"product_cat-utilitarios","11":"product_tag-acrilico","12":"product_tag-guzzini","13":"entry","14":"has-media","17":"first","18":"instock","19":"shipping-taxable","20":"purchasable","21":"product-type-simple","22":"has-product-nav","23":"col","24":"span_1_of_4","25":"owp-content-center","26":"owp-thumbs-layout-horizontal","27":"owp-btn-normal","28":"owp-tabs-layout-horizontal"},"_links":{"self":[{"href":"https:\/\/casadavointeriores.pt\/en\/wp-json\/wp\/v2\/product\/2395","targetHints":{"allow":["GET"]}}],"collection":[{"href":"https:\/\/casadavointeriores.pt\/en\/wp-json\/wp\/v2\/product"}],"about":[{"href":"https:\/\/casadavointeriores.pt\/en\/wp-json\/wp\/v2\/types\/product"}],"replies":[{"embeddable":true,"href":"https:\/\/casadavointeriores.pt\/en\/wp-json\/wp\/v2\/comments?post=2395"}],"wp:featuredmedia":[{"embeddable":true,"href":"https:\/\/casadavointeriores.pt\/en\/wp-json\/wp\/v2\/media\/2377"}],"wp:attachment":[{"href":"https:\/\/casadavointeriores.pt\/en\/wp-json\/wp\/v2\/media?parent=2395"}],"wp:term":[{"taxonomy":"yst_prominent_words","embeddable":true,"href":"https:\/\/casadavointeriores.pt\/en\/wp-json\/wp\/v2\/yst_prominent_words?post=2395"}],"curies":[{"name":"wp","href":"https:\/\/api.w.org\/{rel}","templated":true}]}}