{"id":3860,"date":"2021-10-25T15:27:04","date_gmt":"2021-10-25T15:27:04","guid":{"rendered":"https:\/\/casadavointeriores.pt\/?post_type=product&#038;p=3860"},"modified":"2025-09-03T11:32:04","modified_gmt":"2025-09-03T11:32:04","slug":"tacas","status":"publish","type":"product","link":"https:\/\/casadavointeriores.pt\/en\/product\/tacas\/","title":{"rendered":"Ta\u00e7as"},"content":{"rendered":"<p>set de 6 ta\u00e7as de gelado com p\u00e9<\/p>\n<p>material: vidro<\/p>\n<p>medidas: 10,7 cm x 11,2 cm<\/p>\n<p>cor: multicor<\/p>","protected":false},"excerpt":{"rendered":"<p>10,7 cm x 11,2 cm<\/p>","protected":false},"featured_media":3755,"comment_status":"closed","ping_status":"closed","template":"","meta":[],"yst_prominent_words":[],"class_list":{"0":"post-3860","1":"product","2":"type-product","3":"status-publish","4":"has-post-thumbnail","6":"product_cat-novidades","7":"product_cat-utilitarios-tacas-sobremesa","8":"product_cat-utilitarios","9":"product_tag-gelado","10":"product_tag-ivv","11":"product_tag-multicor","12":"product_tag-sobremesa","13":"product_tag-taca","14":"product_tag-vidro","15":"entry","16":"has-media","19":"first","20":"outofstock","21":"shipping-taxable","22":"purchasable","23":"product-type-simple","24":"has-product-nav","25":"col","26":"span_1_of_4","27":"owp-content-center","28":"owp-thumbs-layout-horizontal","29":"owp-btn-normal","30":"owp-tabs-layout-horizontal","31":"has-no-thumbnails"},"_links":{"self":[{"href":"https:\/\/casadavointeriores.pt\/en\/wp-json\/wp\/v2\/product\/3860","targetHints":{"allow":["GET"]}}],"collection":[{"href":"https:\/\/casadavointeriores.pt\/en\/wp-json\/wp\/v2\/product"}],"about":[{"href":"https:\/\/casadavointeriores.pt\/en\/wp-json\/wp\/v2\/types\/product"}],"replies":[{"embeddable":true,"href":"https:\/\/casadavointeriores.pt\/en\/wp-json\/wp\/v2\/comments?post=3860"}],"wp:featuredmedia":[{"embeddable":true,"href":"https:\/\/casadavointeriores.pt\/en\/wp-json\/wp\/v2\/media\/3755"}],"wp:attachment":[{"href":"https:\/\/casadavointeriores.pt\/en\/wp-json\/wp\/v2\/media?parent=3860"}],"wp:term":[{"taxonomy":"yst_prominent_words","embeddable":true,"href":"https:\/\/casadavointeriores.pt\/en\/wp-json\/wp\/v2\/yst_prominent_words?post=3860"}],"curies":[{"name":"wp","href":"https:\/\/api.w.org\/{rel}","templated":true}]}}