{"id":4867,"date":"2025-02-26T17:35:22","date_gmt":"2025-02-26T17:35:22","guid":{"rendered":"https:\/\/casadavointeriores.pt\/product\/chavena-almocadeira\/"},"modified":"2026-05-04T15:07:30","modified_gmt":"2026-05-04T15:07:30","slug":"chavena-almocadeira","status":"publish","type":"product","link":"https:\/\/casadavointeriores.pt\/en\/product\/chavena-almocadeira\/","title":{"rendered":"Ch\u00e1vena almo\u00e7adeira"},"content":{"rendered":"<p>Ch\u00e1venas de porcelana<br \/>\nCole\u00e7\u00e3o Mimosas<\/p>","protected":false},"excerpt":{"rendered":"<p>400ml<\/p>","protected":false},"featured_media":4863,"comment_status":"open","ping_status":"closed","template":"","meta":[],"yst_prominent_words":[],"class_list":{"0":"post-4867","1":"product","2":"type-product","3":"status-publish","4":"has-post-thumbnail","6":"product_cat-utilitarios-chavanas-porcelana","7":"product_tag-amarelo","8":"product_tag-chavenas","9":"product_tag-mimosas","10":"entry","11":"has-media","14":"first","15":"outofstock","16":"shipping-taxable","17":"purchasable","18":"product-type-simple","19":"has-product-nav","20":"col","21":"span_1_of_4","22":"owp-content-center","23":"owp-thumbs-layout-horizontal","24":"owp-btn-normal","25":"owp-tabs-layout-horizontal"},"_links":{"self":[{"href":"https:\/\/casadavointeriores.pt\/en\/wp-json\/wp\/v2\/product\/4867","targetHints":{"allow":["GET"]}}],"collection":[{"href":"https:\/\/casadavointeriores.pt\/en\/wp-json\/wp\/v2\/product"}],"about":[{"href":"https:\/\/casadavointeriores.pt\/en\/wp-json\/wp\/v2\/types\/product"}],"replies":[{"embeddable":true,"href":"https:\/\/casadavointeriores.pt\/en\/wp-json\/wp\/v2\/comments?post=4867"}],"wp:featuredmedia":[{"embeddable":true,"href":"https:\/\/casadavointeriores.pt\/en\/wp-json\/wp\/v2\/media\/4863"}],"wp:attachment":[{"href":"https:\/\/casadavointeriores.pt\/en\/wp-json\/wp\/v2\/media?parent=4867"}],"wp:term":[{"taxonomy":"yst_prominent_words","embeddable":true,"href":"https:\/\/casadavointeriores.pt\/en\/wp-json\/wp\/v2\/yst_prominent_words?post=4867"}],"curies":[{"name":"wp","href":"https:\/\/api.w.org\/{rel}","templated":true}]}}