{"id":4897,"date":"2025-02-26T19:03:54","date_gmt":"2025-02-26T19:03:54","guid":{"rendered":"https:\/\/casadavointeriores.pt\/product\/chavena-almocadeira-2\/"},"modified":"2026-01-30T18:51:11","modified_gmt":"2026-01-30T18:51:11","slug":"chavena-almocadeira-2","status":"publish","type":"product","link":"https:\/\/casadavointeriores.pt\/en\/product\/chavena-almocadeira-2\/","title":{"rendered":"Ch\u00e1vena almo\u00e7adeira"},"content":{"rendered":"<p>Ch\u00e1vena almo\u00e7adeira de porcelana<br \/>\nCole\u00e7\u00e3o Botanic chic<\/p>","protected":false},"excerpt":{"rendered":"<p>400ml<\/p>","protected":false},"featured_media":4882,"comment_status":"open","ping_status":"closed","template":"","meta":[],"yst_prominent_words":[],"class_list":{"0":"post-4897","1":"product","2":"type-product","3":"status-publish","4":"has-post-thumbnail","6":"product_cat-utilitarios-chavanas-porcelana","7":"product_tag-boch","8":"product_tag-botanic-chic","9":"product_tag-chavena","10":"product_tag-libelinha","11":"product_tag-porcelana","12":"product_tag-rosa","13":"product_tag-verde","14":"entry","15":"has-media","18":"first","19":"instock","20":"shipping-taxable","21":"purchasable","22":"product-type-simple","23":"has-product-nav","24":"col","25":"span_1_of_4","26":"owp-content-center","27":"owp-thumbs-layout-horizontal","28":"owp-btn-normal","29":"owp-tabs-layout-horizontal"},"_links":{"self":[{"href":"https:\/\/casadavointeriores.pt\/en\/wp-json\/wp\/v2\/product\/4897","targetHints":{"allow":["GET"]}}],"collection":[{"href":"https:\/\/casadavointeriores.pt\/en\/wp-json\/wp\/v2\/product"}],"about":[{"href":"https:\/\/casadavointeriores.pt\/en\/wp-json\/wp\/v2\/types\/product"}],"replies":[{"embeddable":true,"href":"https:\/\/casadavointeriores.pt\/en\/wp-json\/wp\/v2\/comments?post=4897"}],"wp:featuredmedia":[{"embeddable":true,"href":"https:\/\/casadavointeriores.pt\/en\/wp-json\/wp\/v2\/media\/4882"}],"wp:attachment":[{"href":"https:\/\/casadavointeriores.pt\/en\/wp-json\/wp\/v2\/media?parent=4897"}],"wp:term":[{"taxonomy":"yst_prominent_words","embeddable":true,"href":"https:\/\/casadavointeriores.pt\/en\/wp-json\/wp\/v2\/yst_prominent_words?post=4897"}],"curies":[{"name":"wp","href":"https:\/\/api.w.org\/{rel}","templated":true}]}}