{"id":4931,"date":"2025-02-27T18:37:31","date_gmt":"2025-02-27T18:37:31","guid":{"rendered":"https:\/\/casadavointeriores.pt\/product\/chavenas-almocadeiras\/"},"modified":"2025-09-03T11:37:03","modified_gmt":"2025-09-03T11:37:03","slug":"chavenas-almocadeiras","status":"publish","type":"product","link":"https:\/\/casadavointeriores.pt\/en\/product\/chavenas-almocadeiras\/","title":{"rendered":"Ch\u00e1vena almo\u00e7adeira"},"content":{"rendered":"<p>Chavenas almo\u00e7adeiras de porcelana<br \/>\nCole\u00e7\u00e3o Flowers garden<\/p>","protected":false},"excerpt":{"rendered":"<p>400ml<\/p>","protected":false},"featured_media":4910,"comment_status":"open","ping_status":"closed","template":"","meta":[],"yst_prominent_words":[],"class_list":{"0":"post-4931","1":"product","2":"type-product","3":"status-publish","4":"has-post-thumbnail","6":"product_cat-utilitarios-chavanas-porcelana","7":"product_tag-almocadeiras","8":"product_tag-azul","9":"product_tag-chavenas","10":"product_tag-flowers-garden","11":"product_tag-porcelana","12":"product_tag-verde","13":"entry","14":"has-media","17":"first","18":"outofstock","19":"shipping-taxable","20":"purchasable","21":"product-type-simple","22":"has-product-nav","23":"col","24":"span_1_of_4","25":"owp-content-center","26":"owp-thumbs-layout-horizontal","27":"owp-btn-normal","28":"owp-tabs-layout-horizontal"},"_links":{"self":[{"href":"https:\/\/casadavointeriores.pt\/en\/wp-json\/wp\/v2\/product\/4931","targetHints":{"allow":["GET"]}}],"collection":[{"href":"https:\/\/casadavointeriores.pt\/en\/wp-json\/wp\/v2\/product"}],"about":[{"href":"https:\/\/casadavointeriores.pt\/en\/wp-json\/wp\/v2\/types\/product"}],"replies":[{"embeddable":true,"href":"https:\/\/casadavointeriores.pt\/en\/wp-json\/wp\/v2\/comments?post=4931"}],"wp:featuredmedia":[{"embeddable":true,"href":"https:\/\/casadavointeriores.pt\/en\/wp-json\/wp\/v2\/media\/4910"}],"wp:attachment":[{"href":"https:\/\/casadavointeriores.pt\/en\/wp-json\/wp\/v2\/media?parent=4931"}],"wp:term":[{"taxonomy":"yst_prominent_words","embeddable":true,"href":"https:\/\/casadavointeriores.pt\/en\/wp-json\/wp\/v2\/yst_prominent_words?post=4931"}],"curies":[{"name":"wp","href":"https:\/\/api.w.org\/{rel}","templated":true}]}}