{"id":5372,"date":"2025-03-22T17:01:27","date_gmt":"2025-03-22T17:01:27","guid":{"rendered":"https:\/\/casadavointeriores.pt\/product\/set-de-6-chavenas-de-cafe-2\/"},"modified":"2025-04-14T09:58:34","modified_gmt":"2025-04-14T09:58:34","slug":"set-de-6-chavenas-de-cafe-2","status":"publish","type":"product","link":"https:\/\/casadavointeriores.pt\/en\/product\/set-de-6-chavenas-de-cafe-2\/","title":{"rendered":"Set de 6 ch\u00e1venas de caf\u00e9"},"content":{"rendered":"<p>Conjunto de 6 ch\u00e1venas de caf\u00e9 de porcelana<br \/>\nCole\u00e7\u00e3o Spring Bloom<\/p>","protected":false},"excerpt":{"rendered":"<p>100ml<\/p>","protected":false},"featured_media":5330,"comment_status":"open","ping_status":"closed","template":"","meta":[],"yst_prominent_words":[],"class_list":{"0":"post-5372","1":"product","2":"type-product","3":"status-publish","4":"has-post-thumbnail","6":"product_cat-utilitarios-acessorios-mesa","7":"product_tag-borboletas","8":"product_tag-cafe","9":"product_tag-chavenas","10":"product_tag-coelhos","11":"product_tag-flores","12":"product_tag-porcelana","13":"product_tag-primavera","14":"product_tag-spring-bloom","15":"entry","16":"has-media","19":"first","20":"outofstock","21":"shipping-taxable","22":"purchasable","23":"product-type-simple","24":"has-product-nav","25":"col","26":"span_1_of_4","27":"owp-content-center","28":"owp-thumbs-layout-horizontal","29":"owp-btn-normal","30":"owp-tabs-layout-horizontal"},"_links":{"self":[{"href":"https:\/\/casadavointeriores.pt\/en\/wp-json\/wp\/v2\/product\/5372","targetHints":{"allow":["GET"]}}],"collection":[{"href":"https:\/\/casadavointeriores.pt\/en\/wp-json\/wp\/v2\/product"}],"about":[{"href":"https:\/\/casadavointeriores.pt\/en\/wp-json\/wp\/v2\/types\/product"}],"replies":[{"embeddable":true,"href":"https:\/\/casadavointeriores.pt\/en\/wp-json\/wp\/v2\/comments?post=5372"}],"wp:featuredmedia":[{"embeddable":true,"href":"https:\/\/casadavointeriores.pt\/en\/wp-json\/wp\/v2\/media\/5330"}],"wp:attachment":[{"href":"https:\/\/casadavointeriores.pt\/en\/wp-json\/wp\/v2\/media?parent=5372"}],"wp:term":[{"taxonomy":"yst_prominent_words","embeddable":true,"href":"https:\/\/casadavointeriores.pt\/en\/wp-json\/wp\/v2\/yst_prominent_words?post=5372"}],"curies":[{"name":"wp","href":"https:\/\/api.w.org\/{rel}","templated":true}]}}