{"id":5373,"date":"2025-03-22T17:01:27","date_gmt":"2025-03-22T17:01:27","guid":{"rendered":"https:\/\/casadavointeriores.pt\/product\/chavena-almocadeira-3\/"},"modified":"2025-04-09T12:51:08","modified_gmt":"2025-04-09T12:51:08","slug":"chavena-almocadeira-3","status":"publish","type":"product","link":"https:\/\/casadavointeriores.pt\/en\/product\/chavena-almocadeira-3\/","title":{"rendered":"Ch\u00e1vena almo\u00e7adeira"},"content":{"rendered":"<p>Ch\u00e1venas de porcelana<br \/>\nCole\u00e7\u00e3o Happy Easter<\/p>","protected":false},"excerpt":{"rendered":"<p>400ml<\/p>","protected":false},"featured_media":5324,"comment_status":"open","ping_status":"closed","template":"","meta":[],"yst_prominent_words":[],"class_list":{"0":"post-5373","1":"product","2":"type-product","3":"status-publish","4":"has-post-thumbnail","6":"product_cat-chavena-almocadeira","7":"product_tag-almocadeira","8":"product_tag-amarelo","9":"product_tag-borboletas","10":"product_tag-chavena","11":"product_tag-coelhos","12":"product_tag-happy-easter","13":"product_tag-pitinhos","14":"product_tag-porcelana","15":"product_tag-rosa","16":"entry","17":"has-media","20":"first","21":"instock","22":"shipping-taxable","23":"purchasable","24":"product-type-simple","25":"has-product-nav","26":"col","27":"span_1_of_4","28":"owp-content-center","29":"owp-thumbs-layout-horizontal","30":"owp-btn-normal","31":"owp-tabs-layout-horizontal"},"_links":{"self":[{"href":"https:\/\/casadavointeriores.pt\/en\/wp-json\/wp\/v2\/product\/5373","targetHints":{"allow":["GET"]}}],"collection":[{"href":"https:\/\/casadavointeriores.pt\/en\/wp-json\/wp\/v2\/product"}],"about":[{"href":"https:\/\/casadavointeriores.pt\/en\/wp-json\/wp\/v2\/types\/product"}],"replies":[{"embeddable":true,"href":"https:\/\/casadavointeriores.pt\/en\/wp-json\/wp\/v2\/comments?post=5373"}],"wp:featuredmedia":[{"embeddable":true,"href":"https:\/\/casadavointeriores.pt\/en\/wp-json\/wp\/v2\/media\/5324"}],"wp:attachment":[{"href":"https:\/\/casadavointeriores.pt\/en\/wp-json\/wp\/v2\/media?parent=5373"}],"wp:term":[{"taxonomy":"yst_prominent_words","embeddable":true,"href":"https:\/\/casadavointeriores.pt\/en\/wp-json\/wp\/v2\/yst_prominent_words?post=5373"}],"curies":[{"name":"wp","href":"https:\/\/api.w.org\/{rel}","templated":true}]}}