{"id":5462,"date":"2025-03-24T21:19:43","date_gmt":"2025-03-24T21:19:43","guid":{"rendered":"https:\/\/casadavointeriores.pt\/product\/set-6-chavenas-de-cafe-4\/"},"modified":"2025-04-27T11:18:35","modified_gmt":"2025-04-27T11:18:35","slug":"set-6-chavenas-de-cafe-4","status":"publish","type":"product","link":"https:\/\/casadavointeriores.pt\/en\/product\/set-6-chavenas-de-cafe-4\/","title":{"rendered":"Set 6 ch\u00e1venas de caf\u00e9"},"content":{"rendered":"<p>Conjunto de 6 ch\u00e1venas de caf\u00e9 de porcelana<br \/>\nCole\u00e7\u00e3o Flowery<\/p>","protected":false},"excerpt":{"rendered":"<p>100ml<\/p>","protected":false},"featured_media":5429,"comment_status":"open","ping_status":"closed","template":"","meta":[],"yst_prominent_words":[],"class_list":{"0":"post-5462","1":"product","2":"type-product","3":"status-publish","4":"has-post-thumbnail","6":"product_cat-utilitarios-acessorios-mesa","7":"product_tag-amarelo","8":"product_tag-cafe","9":"product_tag-chavenas","10":"product_tag-conjunto","11":"product_tag-flowers","12":"product_tag-flowery","13":"product_tag-porcelana","14":"product_tag-verde","15":"product_tag-vermelho","16":"entry","17":"has-media","20":"first","21":"outofstock","22":"shipping-taxable","23":"purchasable","24":"product-type-simple","25":"has-product-nav","26":"col","27":"span_1_of_4","28":"owp-content-center","29":"owp-thumbs-layout-horizontal","30":"owp-btn-normal","31":"owp-tabs-layout-horizontal"},"_links":{"self":[{"href":"https:\/\/casadavointeriores.pt\/en\/wp-json\/wp\/v2\/product\/5462","targetHints":{"allow":["GET"]}}],"collection":[{"href":"https:\/\/casadavointeriores.pt\/en\/wp-json\/wp\/v2\/product"}],"about":[{"href":"https:\/\/casadavointeriores.pt\/en\/wp-json\/wp\/v2\/types\/product"}],"replies":[{"embeddable":true,"href":"https:\/\/casadavointeriores.pt\/en\/wp-json\/wp\/v2\/comments?post=5462"}],"wp:featuredmedia":[{"embeddable":true,"href":"https:\/\/casadavointeriores.pt\/en\/wp-json\/wp\/v2\/media\/5429"}],"wp:attachment":[{"href":"https:\/\/casadavointeriores.pt\/en\/wp-json\/wp\/v2\/media?parent=5462"}],"wp:term":[{"taxonomy":"yst_prominent_words","embeddable":true,"href":"https:\/\/casadavointeriores.pt\/en\/wp-json\/wp\/v2\/yst_prominent_words?post=5462"}],"curies":[{"name":"wp","href":"https:\/\/api.w.org\/{rel}","templated":true}]}}