{"id":5468,"date":"2025-03-24T21:19:56","date_gmt":"2025-03-24T21:19:56","guid":{"rendered":"https:\/\/casadavointeriores.pt\/product\/set-2-chavenas-de-cafe-3\/"},"modified":"2025-04-09T12:51:18","modified_gmt":"2025-04-09T12:51:18","slug":"set-2-chavenas-de-cafe-3","status":"publish","type":"product","link":"https:\/\/casadavointeriores.pt\/en\/product\/set-2-chavenas-de-cafe-3\/","title":{"rendered":"Set 2 ch\u00e1venas de caf\u00e9"},"content":{"rendered":"<p>Ch\u00e1venas de caf\u00e9 de porcelana<br \/>\nCole\u00e7\u00e3o Country Life<\/p>","protected":false},"excerpt":{"rendered":"<p>80ml<\/p>","protected":false},"featured_media":5456,"comment_status":"open","ping_status":"closed","template":"","meta":[],"yst_prominent_words":[],"class_list":{"0":"post-5468","1":"product","2":"type-product","3":"status-publish","4":"has-post-thumbnail","6":"product_cat-utilitarios-cha-cafe","7":"product_tag-aldeia","8":"product_tag-cafe","9":"product_tag-chavenas","10":"product_tag-country-life","11":"product_tag-galinhas","12":"product_tag-galos","13":"product_tag-pitos","14":"product_tag-porcelana","15":"entry","16":"has-media","19":"first","20":"instock","21":"shipping-taxable","22":"purchasable","23":"product-type-simple","24":"has-product-nav","25":"col","26":"span_1_of_4","27":"owp-content-center","28":"owp-thumbs-layout-horizontal","29":"owp-btn-normal","30":"owp-tabs-layout-horizontal"},"_links":{"self":[{"href":"https:\/\/casadavointeriores.pt\/en\/wp-json\/wp\/v2\/product\/5468","targetHints":{"allow":["GET"]}}],"collection":[{"href":"https:\/\/casadavointeriores.pt\/en\/wp-json\/wp\/v2\/product"}],"about":[{"href":"https:\/\/casadavointeriores.pt\/en\/wp-json\/wp\/v2\/types\/product"}],"replies":[{"embeddable":true,"href":"https:\/\/casadavointeriores.pt\/en\/wp-json\/wp\/v2\/comments?post=5468"}],"wp:featuredmedia":[{"embeddable":true,"href":"https:\/\/casadavointeriores.pt\/en\/wp-json\/wp\/v2\/media\/5456"}],"wp:attachment":[{"href":"https:\/\/casadavointeriores.pt\/en\/wp-json\/wp\/v2\/media?parent=5468"}],"wp:term":[{"taxonomy":"yst_prominent_words","embeddable":true,"href":"https:\/\/casadavointeriores.pt\/en\/wp-json\/wp\/v2\/yst_prominent_words?post=5468"}],"curies":[{"name":"wp","href":"https:\/\/api.w.org\/{rel}","templated":true}]}}