{"id":5487,"date":"2025-03-25T10:11:21","date_gmt":"2025-03-25T10:11:21","guid":{"rendered":"https:\/\/casadavointeriores.pt\/product\/set-de-2-chavenas-de-cha\/"},"modified":"2025-04-09T12:50:33","modified_gmt":"2025-04-09T12:50:33","slug":"set-de-2-chavenas-de-cha","status":"publish","type":"product","link":"https:\/\/casadavointeriores.pt\/en\/product\/set-de-2-chavenas-de-cha\/","title":{"rendered":"Set de 2 ch\u00e1venas de ch\u00e1"},"content":{"rendered":"<p>Conjunto de 2 ch\u00e1venas de ch\u00e1 com pires<br \/>\nCole\u00e7\u00e3o Botanic chic<\/p>","protected":false},"excerpt":{"rendered":"<p>240ml<\/p>","protected":false},"featured_media":5484,"comment_status":"open","ping_status":"closed","template":"","meta":[],"yst_prominent_words":[],"class_list":{"0":"post-5487","1":"product","2":"type-product","3":"status-publish","4":"has-post-thumbnail","6":"product_cat-utilitarios-cha-cafe","7":"product_tag-boch","8":"product_tag-botanic-chic","9":"product_tag-cafe","10":"product_tag-chavenas","11":"product_tag-libelinha","12":"product_tag-porcelana","13":"product_tag-rosa","14":"product_tag-verde","15":"entry","16":"has-media","19":"first","20":"instock","21":"shipping-taxable","22":"purchasable","23":"product-type-simple","24":"has-product-nav","25":"col","26":"span_1_of_4","27":"owp-content-center","28":"owp-thumbs-layout-horizontal","29":"owp-btn-normal","30":"owp-tabs-layout-horizontal"},"_links":{"self":[{"href":"https:\/\/casadavointeriores.pt\/en\/wp-json\/wp\/v2\/product\/5487","targetHints":{"allow":["GET"]}}],"collection":[{"href":"https:\/\/casadavointeriores.pt\/en\/wp-json\/wp\/v2\/product"}],"about":[{"href":"https:\/\/casadavointeriores.pt\/en\/wp-json\/wp\/v2\/types\/product"}],"replies":[{"embeddable":true,"href":"https:\/\/casadavointeriores.pt\/en\/wp-json\/wp\/v2\/comments?post=5487"}],"wp:featuredmedia":[{"embeddable":true,"href":"https:\/\/casadavointeriores.pt\/en\/wp-json\/wp\/v2\/media\/5484"}],"wp:attachment":[{"href":"https:\/\/casadavointeriores.pt\/en\/wp-json\/wp\/v2\/media?parent=5487"}],"wp:term":[{"taxonomy":"yst_prominent_words","embeddable":true,"href":"https:\/\/casadavointeriores.pt\/en\/wp-json\/wp\/v2\/yst_prominent_words?post=5487"}],"curies":[{"name":"wp","href":"https:\/\/api.w.org\/{rel}","templated":true}]}}