{"id":5764,"date":"2025-04-15T17:15:14","date_gmt":"2025-04-15T17:15:14","guid":{"rendered":"https:\/\/casadavointeriores.pt\/product\/manta-3\/"},"modified":"2025-04-15T17:15:14","modified_gmt":"2025-04-15T17:15:14","slug":"manta-3","status":"publish","type":"product","link":"https:\/\/casadavointeriores.pt\/en\/product\/manta-3\/","title":{"rendered":"Manta"},"content":{"rendered":"<p>Material: tric\u00f4 feito \u00e0 m\u00e3o<br \/>\n50% algod\u00e3o reciclado, 40% poli\u00e9ster, 5% acr\u00edlico, 5% viscose<\/p>","protected":false},"excerpt":{"rendered":"<p>125cm x 160cm<\/p>","protected":false},"featured_media":5761,"comment_status":"open","ping_status":"closed","template":"","meta":[],"yst_prominent_words":[],"class_list":{"0":"post-5764","1":"product","2":"type-product","3":"status-publish","4":"has-post-thumbnail","6":"product_cat-textil-mantas-sofa","7":"product_tag-cama","8":"product_tag-colcha","9":"product_tag-manta","10":"product_tag-sofa","11":"entry","12":"has-media","15":"first","16":"instock","17":"shipping-taxable","18":"purchasable","19":"product-type-simple","20":"has-product-nav","21":"col","22":"span_1_of_4","23":"owp-content-center","24":"owp-thumbs-layout-horizontal","25":"owp-btn-normal","26":"owp-tabs-layout-horizontal","27":"has-no-thumbnails"},"_links":{"self":[{"href":"https:\/\/casadavointeriores.pt\/en\/wp-json\/wp\/v2\/product\/5764","targetHints":{"allow":["GET"]}}],"collection":[{"href":"https:\/\/casadavointeriores.pt\/en\/wp-json\/wp\/v2\/product"}],"about":[{"href":"https:\/\/casadavointeriores.pt\/en\/wp-json\/wp\/v2\/types\/product"}],"replies":[{"embeddable":true,"href":"https:\/\/casadavointeriores.pt\/en\/wp-json\/wp\/v2\/comments?post=5764"}],"wp:featuredmedia":[{"embeddable":true,"href":"https:\/\/casadavointeriores.pt\/en\/wp-json\/wp\/v2\/media\/5761"}],"wp:attachment":[{"href":"https:\/\/casadavointeriores.pt\/en\/wp-json\/wp\/v2\/media?parent=5764"}],"wp:term":[{"taxonomy":"yst_prominent_words","embeddable":true,"href":"https:\/\/casadavointeriores.pt\/en\/wp-json\/wp\/v2\/yst_prominent_words?post=5764"}],"curies":[{"name":"wp","href":"https:\/\/api.w.org\/{rel}","templated":true}]}}