{"id":5801,"date":"2025-04-15T17:32:47","date_gmt":"2025-04-15T17:32:47","guid":{"rendered":"https:\/\/casadavointeriores.pt\/product\/colcha-5\/"},"modified":"2026-05-03T17:04:06","modified_gmt":"2026-05-03T17:04:06","slug":"colcha-5","status":"publish","type":"product","link":"https:\/\/casadavointeriores.pt\/en\/product\/colcha-5\/","title":{"rendered":"Colcha"},"content":{"rendered":"<p>Composi\u00e7\u00e3o do tecido: 80% algod\u00e3o reciclado &#8211; 20% poli\u00e9ster.<br \/>\nPeso: 280gr.\/m2<br \/>\nInstru\u00e7\u00f5es de lavagem:<br \/>\n&#8211; lavar com \u00e1gua fria<br \/>\n&#8211; n\u00e3o secar na m\u00e1quina<br \/>\n&#8211; n\u00e3o usar alvejante ou cloro<br \/>\n&#8211; passar a ferro em temperatura m\u00e9dia<\/p>","protected":false},"excerpt":{"rendered":"<p>200cm x 260cm<\/p>","protected":false},"featured_media":5749,"comment_status":"open","ping_status":"closed","template":"","meta":[],"yst_prominent_words":[],"class_list":{"0":"post-5801","1":"product","2":"type-product","3":"status-publish","4":"has-post-thumbnail","6":"product_cat-textil-mantas-sofa","7":"product_tag-200x260","8":"product_tag-cama","9":"product_tag-colcha","10":"product_tag-manta","11":"product_tag-sofa","12":"entry","13":"has-media","16":"first","17":"outofstock","18":"shipping-taxable","19":"purchasable","20":"product-type-simple","21":"has-product-nav","22":"col","23":"span_1_of_4","24":"owp-content-center","25":"owp-thumbs-layout-horizontal","26":"owp-btn-normal","27":"owp-tabs-layout-horizontal","28":"has-no-thumbnails"},"_links":{"self":[{"href":"https:\/\/casadavointeriores.pt\/en\/wp-json\/wp\/v2\/product\/5801","targetHints":{"allow":["GET"]}}],"collection":[{"href":"https:\/\/casadavointeriores.pt\/en\/wp-json\/wp\/v2\/product"}],"about":[{"href":"https:\/\/casadavointeriores.pt\/en\/wp-json\/wp\/v2\/types\/product"}],"replies":[{"embeddable":true,"href":"https:\/\/casadavointeriores.pt\/en\/wp-json\/wp\/v2\/comments?post=5801"}],"wp:featuredmedia":[{"embeddable":true,"href":"https:\/\/casadavointeriores.pt\/en\/wp-json\/wp\/v2\/media\/5749"}],"wp:attachment":[{"href":"https:\/\/casadavointeriores.pt\/en\/wp-json\/wp\/v2\/media?parent=5801"}],"wp:term":[{"taxonomy":"yst_prominent_words","embeddable":true,"href":"https:\/\/casadavointeriores.pt\/en\/wp-json\/wp\/v2\/yst_prominent_words?post=5801"}],"curies":[{"name":"wp","href":"https:\/\/api.w.org\/{rel}","templated":true}]}}