{"id":5811,"date":"2025-04-15T17:32:49","date_gmt":"2025-04-15T17:32:49","guid":{"rendered":"https:\/\/casadavointeriores.pt\/product\/secretaria\/"},"modified":"2025-04-15T17:32:49","modified_gmt":"2025-04-15T17:32:49","slug":"secretaria","status":"publish","type":"product","link":"https:\/\/casadavointeriores.pt\/en\/product\/secretaria\/","title":{"rendered":"Secret\u00e1ria"},"content":{"rendered":"<p>Secret\u00e1ria com tampo de madeira e p\u00e9s de metal preto<\/p>","protected":false},"excerpt":{"rendered":"<p>120cm x 60cm x 75cm<\/p>","protected":false},"featured_media":5682,"comment_status":"open","ping_status":"closed","template":"","meta":[],"yst_prominent_words":[],"class_list":{"0":"post-5811","1":"product","2":"type-product","3":"status-publish","4":"has-post-thumbnail","6":"product_cat-mobiliario-secretarias","7":"product_tag-madeira","8":"product_tag-metal","9":"product_tag-secretaria","10":"entry","11":"has-media","14":"first","15":"instock","16":"shipping-taxable","17":"purchasable","18":"product-type-simple","19":"has-product-nav","20":"col","21":"span_1_of_4","22":"owp-content-center","23":"owp-thumbs-layout-horizontal","24":"owp-btn-normal","25":"owp-tabs-layout-horizontal"},"_links":{"self":[{"href":"https:\/\/casadavointeriores.pt\/en\/wp-json\/wp\/v2\/product\/5811","targetHints":{"allow":["GET"]}}],"collection":[{"href":"https:\/\/casadavointeriores.pt\/en\/wp-json\/wp\/v2\/product"}],"about":[{"href":"https:\/\/casadavointeriores.pt\/en\/wp-json\/wp\/v2\/types\/product"}],"replies":[{"embeddable":true,"href":"https:\/\/casadavointeriores.pt\/en\/wp-json\/wp\/v2\/comments?post=5811"}],"wp:featuredmedia":[{"embeddable":true,"href":"https:\/\/casadavointeriores.pt\/en\/wp-json\/wp\/v2\/media\/5682"}],"wp:attachment":[{"href":"https:\/\/casadavointeriores.pt\/en\/wp-json\/wp\/v2\/media?parent=5811"}],"wp:term":[{"taxonomy":"yst_prominent_words","embeddable":true,"href":"https:\/\/casadavointeriores.pt\/en\/wp-json\/wp\/v2\/yst_prominent_words?post=5811"}],"curies":[{"name":"wp","href":"https:\/\/api.w.org\/{rel}","templated":true}]}}