{"id":6200,"date":"2025-06-14T17:37:20","date_gmt":"2025-06-14T17:37:20","guid":{"rendered":"https:\/\/casadavointeriores.pt\/product\/set-6-chavenas-de-cafe-8\/"},"modified":"2025-12-12T17:15:13","modified_gmt":"2025-12-12T17:15:13","slug":"set-6-chavenas-de-cafe-8","status":"publish","type":"product","link":"https:\/\/casadavointeriores.pt\/en\/product\/set-6-chavenas-de-cafe-8\/","title":{"rendered":"Set 6 ch\u00e1venas de caf\u00e9"},"content":{"rendered":"<p>Ch\u00e1vena de porcelana com pires de madeira<\/p>","protected":false},"excerpt":{"rendered":"<p>90ml<\/p>","protected":false},"featured_media":5929,"comment_status":"open","ping_status":"closed","template":"","meta":[],"yst_prominent_words":[],"class_list":{"0":"post-6200","1":"product","2":"type-product","3":"status-publish","4":"has-post-thumbnail","6":"product_cat-utilitarios-cha-cafe","7":"product_tag-cafe","8":"product_tag-chavenas","9":"product_tag-madeira","10":"product_tag-porcelana","11":"entry","12":"has-media","15":"first","16":"outofstock","17":"shipping-taxable","18":"purchasable","19":"product-type-simple","20":"has-product-nav","21":"col","22":"span_1_of_4","23":"owp-content-center","24":"owp-thumbs-layout-horizontal","25":"owp-btn-normal","26":"owp-tabs-layout-horizontal","27":"has-no-thumbnails"},"_links":{"self":[{"href":"https:\/\/casadavointeriores.pt\/en\/wp-json\/wp\/v2\/product\/6200","targetHints":{"allow":["GET"]}}],"collection":[{"href":"https:\/\/casadavointeriores.pt\/en\/wp-json\/wp\/v2\/product"}],"about":[{"href":"https:\/\/casadavointeriores.pt\/en\/wp-json\/wp\/v2\/types\/product"}],"replies":[{"embeddable":true,"href":"https:\/\/casadavointeriores.pt\/en\/wp-json\/wp\/v2\/comments?post=6200"}],"wp:featuredmedia":[{"embeddable":true,"href":"https:\/\/casadavointeriores.pt\/en\/wp-json\/wp\/v2\/media\/5929"}],"wp:attachment":[{"href":"https:\/\/casadavointeriores.pt\/en\/wp-json\/wp\/v2\/media?parent=6200"}],"wp:term":[{"taxonomy":"yst_prominent_words","embeddable":true,"href":"https:\/\/casadavointeriores.pt\/en\/wp-json\/wp\/v2\/yst_prominent_words?post=6200"}],"curies":[{"name":"wp","href":"https:\/\/api.w.org\/{rel}","templated":true}]}}