{"id":6359,"date":"2025-07-21T11:14:55","date_gmt":"2025-07-21T11:14:55","guid":{"rendered":"https:\/\/casadavointeriores.pt\/product\/set-6-chavenas-de-cafe-9\/"},"modified":"2025-12-12T17:16:47","modified_gmt":"2025-12-12T17:16:47","slug":"set-6-chavenas-de-cafe-9","status":"publish","type":"product","link":"https:\/\/casadavointeriores.pt\/en\/product\/set-6-chavenas-de-cafe-9\/","title":{"rendered":"Set 6 ch\u00e1venas de caf\u00e9"},"content":{"rendered":"<p>Set 6 ch\u00e1venas de caf\u00e9 de porcelana com motivos de peixes<\/p>","protected":false},"excerpt":{"rendered":"<p>80ml<\/p>","protected":false},"featured_media":6287,"comment_status":"open","ping_status":"closed","template":"","meta":[],"yst_prominent_words":[],"class_list":{"0":"post-6359","1":"product","2":"type-product","3":"status-publish","4":"has-post-thumbnail","6":"product_cat-utilitarios-cha-cafe","7":"product_tag-caneca","8":"product_tag-cor","9":"product_tag-motivos","10":"product_tag-peixes","11":"product_tag-porcelana","12":"product_tag-verao","13":"entry","14":"has-media","17":"first","18":"outofstock","19":"shipping-taxable","20":"purchasable","21":"product-type-simple","22":"has-product-nav","23":"col","24":"span_1_of_4","25":"owp-content-center","26":"owp-thumbs-layout-horizontal","27":"owp-btn-normal","28":"owp-tabs-layout-horizontal","29":"has-no-thumbnails"},"_links":{"self":[{"href":"https:\/\/casadavointeriores.pt\/en\/wp-json\/wp\/v2\/product\/6359","targetHints":{"allow":["GET"]}}],"collection":[{"href":"https:\/\/casadavointeriores.pt\/en\/wp-json\/wp\/v2\/product"}],"about":[{"href":"https:\/\/casadavointeriores.pt\/en\/wp-json\/wp\/v2\/types\/product"}],"replies":[{"embeddable":true,"href":"https:\/\/casadavointeriores.pt\/en\/wp-json\/wp\/v2\/comments?post=6359"}],"wp:featuredmedia":[{"embeddable":true,"href":"https:\/\/casadavointeriores.pt\/en\/wp-json\/wp\/v2\/media\/6287"}],"wp:attachment":[{"href":"https:\/\/casadavointeriores.pt\/en\/wp-json\/wp\/v2\/media?parent=6359"}],"wp:term":[{"taxonomy":"yst_prominent_words","embeddable":true,"href":"https:\/\/casadavointeriores.pt\/en\/wp-json\/wp\/v2\/yst_prominent_words?post=6359"}],"curies":[{"name":"wp","href":"https:\/\/api.w.org\/{rel}","templated":true}]}}