{"id":2389,"date":"2020-10-24T18:40:39","date_gmt":"2020-10-24T18:40:39","guid":{"rendered":"https:\/\/casadavointeriores.pt\/?post_type=product&#038;p=2389"},"modified":"2025-01-24T15:54:26","modified_gmt":"2025-01-24T15:54:26","slug":"fruteira-3","status":"publish","type":"product","link":"https:\/\/casadavointeriores.pt\/pt\/product\/fruteira-3\/","title":{"rendered":"Fruteira"},"content":{"rendered":"<div class=\"woocommerce-tabs wc-tabs-wrapper\">\n<div id=\"tab-description\" class=\"woocommerce-Tabs-panel woocommerce-Tabs-panel--description panel entry-content wc-tab\" role=\"tabpanel\" aria-labelledby=\"tab-title-description\">\n<p>material: acr\u00edlico<\/p>\n<p>cor: branco<\/p>\n<p>43cm x 30cm x 8.9 cm altura<\/p>\n<p>pode ir \u00e0 m\u00e1quina da loi\u00e7a<\/p>\n<\/div>\n<\/div>\n","protected":false},"excerpt":{"rendered":"<p>43cm x 30cm x 8.9 cm altura<\/p>\n","protected":false},"featured_media":2385,"comment_status":"closed","ping_status":"closed","template":"","meta":[],"yst_prominent_words":[],"class_list":{"0":"post-2389","1":"product","2":"type-product","3":"status-publish","4":"has-post-thumbnail","6":"product_cat-utilitarios-acessorios-mesa","7":"product_cat-utilitarios-acrilicos","8":"product_cat-novidades","9":"product_cat-utilitarios","10":"product_tag-acrilico","11":"product_tag-bandeja","12":"product_tag-branco","13":"product_tag-guzzini","14":"entry","15":"has-media","18":"first","19":"instock","20":"shipping-taxable","21":"purchasable","22":"product-type-simple","23":"has-product-nav","24":"col","25":"span_1_of_4","26":"owp-content-center","27":"owp-thumbs-layout-horizontal","28":"owp-btn-normal","29":"owp-tabs-layout-horizontal"},"_links":{"self":[{"href":"https:\/\/casadavointeriores.pt\/pt\/wp-json\/wp\/v2\/product\/2389","targetHints":{"allow":["GET"]}}],"collection":[{"href":"https:\/\/casadavointeriores.pt\/pt\/wp-json\/wp\/v2\/product"}],"about":[{"href":"https:\/\/casadavointeriores.pt\/pt\/wp-json\/wp\/v2\/types\/product"}],"replies":[{"embeddable":true,"href":"https:\/\/casadavointeriores.pt\/pt\/wp-json\/wp\/v2\/comments?post=2389"}],"wp:featuredmedia":[{"embeddable":true,"href":"https:\/\/casadavointeriores.pt\/pt\/wp-json\/wp\/v2\/media\/2385"}],"wp:attachment":[{"href":"https:\/\/casadavointeriores.pt\/pt\/wp-json\/wp\/v2\/media?parent=2389"}],"wp:term":[{"taxonomy":"yst_prominent_words","embeddable":true,"href":"https:\/\/casadavointeriores.pt\/pt\/wp-json\/wp\/v2\/yst_prominent_words?post=2389"}],"curies":[{"name":"wp","href":"https:\/\/api.w.org\/{rel}","templated":true}]}}