{"id":2396,"date":"2020-10-24T18:57:35","date_gmt":"2020-10-24T18:57:35","guid":{"rendered":"https:\/\/casadavointeriores.pt\/?post_type=product&#038;p=2396"},"modified":"2026-01-30T17:19:42","modified_gmt":"2026-01-30T17:19:42","slug":"talher-de-salada","status":"publish","type":"product","link":"https:\/\/casadavointeriores.pt\/pt\/product\/talher-de-salada\/","title":{"rendered":"Talher de Salada"},"content":{"rendered":"<p>material: acr\u00edlico<\/p>\n<p>cor: beje<\/p>\n<p>29cm<\/p>\n<p>pode ir \u00e0 m\u00e1quina da loi\u00e7a<\/p>\n","protected":false},"excerpt":{"rendered":"<p>acr\u00edlico<\/p>\n","protected":false},"featured_media":2368,"comment_status":"closed","ping_status":"closed","template":"","meta":[],"yst_prominent_words":[],"class_list":{"0":"post-2396","1":"product","2":"type-product","3":"status-publish","4":"has-post-thumbnail","6":"product_cat-utilitarios-acessorios-mesa","7":"product_cat-utilitarios-acrilicos","8":"product_cat-novidades","9":"product_cat-utilitarios-talheres-faqueiros","10":"product_cat-utilitarios","11":"product_tag-acrilico","12":"product_tag-beje","13":"product_tag-guzzini","14":"product_tag-saladas","15":"product_tag-talheres","16":"entry","17":"has-media","20":"first","21":"instock","22":"shipping-taxable","23":"purchasable","24":"product-type-simple","25":"has-product-nav","26":"col","27":"span_1_of_4","28":"owp-content-center","29":"owp-thumbs-layout-horizontal","30":"owp-btn-normal","31":"owp-tabs-layout-horizontal"},"_links":{"self":[{"href":"https:\/\/casadavointeriores.pt\/pt\/wp-json\/wp\/v2\/product\/2396","targetHints":{"allow":["GET"]}}],"collection":[{"href":"https:\/\/casadavointeriores.pt\/pt\/wp-json\/wp\/v2\/product"}],"about":[{"href":"https:\/\/casadavointeriores.pt\/pt\/wp-json\/wp\/v2\/types\/product"}],"replies":[{"embeddable":true,"href":"https:\/\/casadavointeriores.pt\/pt\/wp-json\/wp\/v2\/comments?post=2396"}],"wp:featuredmedia":[{"embeddable":true,"href":"https:\/\/casadavointeriores.pt\/pt\/wp-json\/wp\/v2\/media\/2368"}],"wp:attachment":[{"href":"https:\/\/casadavointeriores.pt\/pt\/wp-json\/wp\/v2\/media?parent=2396"}],"wp:term":[{"taxonomy":"yst_prominent_words","embeddable":true,"href":"https:\/\/casadavointeriores.pt\/pt\/wp-json\/wp\/v2\/yst_prominent_words?post=2396"}],"curies":[{"name":"wp","href":"https:\/\/api.w.org\/{rel}","templated":true}]}}