{"id":4772,"date":"2025-01-24T18:31:26","date_gmt":"2025-01-24T18:31:26","guid":{"rendered":"https:\/\/casadavointeriores.pt\/?post_type=product&#038;p=4772"},"modified":"2026-01-30T18:56:34","modified_gmt":"2026-01-30T18:56:34","slug":"presepio","status":"publish","type":"product","link":"https:\/\/casadavointeriores.pt\/pt\/product\/presepio\/","title":{"rendered":"Pres\u00e9pio"},"content":{"rendered":"<p>pres\u00e9pio composto por 7 pe\u00e7as.<\/p>\n<p>Material: resina<\/p>\n<p>Tons castanho\/terra<\/p>\n<p>altura da pe\u00e7a maior: 28cm<\/p>\n<p>&nbsp;<\/p>\n","protected":false},"excerpt":{"rendered":"<p>imita madeira<\/p>\n","protected":false},"featured_media":4771,"comment_status":"closed","ping_status":"closed","template":"","meta":[],"yst_prominent_words":[],"class_list":{"0":"post-4772","1":"product","2":"type-product","3":"status-publish","4":"has-post-thumbnail","6":"product_cat-decoracao-figuras","7":"product_cat-natal","8":"product_cat-decoracao","9":"product_tag-presepio-natal","10":"entry","11":"has-media","14":"first","15":"outofstock","16":"shipping-taxable","17":"purchasable","18":"product-type-simple","19":"has-product-nav","20":"col","21":"span_1_of_4","22":"owp-content-center","23":"owp-thumbs-layout-horizontal","24":"owp-btn-normal","25":"owp-tabs-layout-horizontal","26":"has-no-thumbnails"},"_links":{"self":[{"href":"https:\/\/casadavointeriores.pt\/pt\/wp-json\/wp\/v2\/product\/4772","targetHints":{"allow":["GET"]}}],"collection":[{"href":"https:\/\/casadavointeriores.pt\/pt\/wp-json\/wp\/v2\/product"}],"about":[{"href":"https:\/\/casadavointeriores.pt\/pt\/wp-json\/wp\/v2\/types\/product"}],"replies":[{"embeddable":true,"href":"https:\/\/casadavointeriores.pt\/pt\/wp-json\/wp\/v2\/comments?post=4772"}],"wp:featuredmedia":[{"embeddable":true,"href":"https:\/\/casadavointeriores.pt\/pt\/wp-json\/wp\/v2\/media\/4771"}],"wp:attachment":[{"href":"https:\/\/casadavointeriores.pt\/pt\/wp-json\/wp\/v2\/media?parent=4772"}],"wp:term":[{"taxonomy":"yst_prominent_words","embeddable":true,"href":"https:\/\/casadavointeriores.pt\/pt\/wp-json\/wp\/v2\/yst_prominent_words?post=4772"}],"curies":[{"name":"wp","href":"https:\/\/api.w.org\/{rel}","templated":true}]}}