{"id":5521,"date":"2025-03-25T21:46:44","date_gmt":"2025-03-25T21:46:44","guid":{"rendered":"https:\/\/casadavointeriores.pt\/product\/import-placeholder-for-2905\/"},"modified":"2025-04-09T12:51:23","modified_gmt":"2025-04-09T12:51:23","slug":"chavena-de-cha","status":"publish","type":"product","link":"https:\/\/casadavointeriores.pt\/pt\/product\/chavena-de-cha\/","title":{"rendered":"Ch\u00e1vena de ch\u00e1"},"content":{"rendered":"<p>Ch\u00e1vena de ch\u00e1 de porcelana<br \/>\nCole\u00e7\u00e3o Lifestyle<\/p>\n","protected":false},"excerpt":{"rendered":"<p>250ml<\/p>\n","protected":false},"featured_media":5495,"comment_status":"open","ping_status":"closed","template":"","meta":[],"yst_prominent_words":[],"class_list":{"0":"post-5521","1":"product","2":"type-product","3":"status-publish","4":"has-post-thumbnail","6":"product_cat-utilitarios-cha-cafe","7":"product_tag-branco","8":"product_tag-caneca","9":"product_tag-cha","10":"product_tag-lifestyle","11":"product_tag-lifw","12":"product_tag-porcelana","13":"entry","14":"has-media","17":"first","18":"instock","19":"shipping-taxable","20":"purchasable","21":"product-type-simple","22":"has-product-nav","23":"col","24":"span_1_of_4","25":"owp-content-center","26":"owp-thumbs-layout-horizontal","27":"owp-btn-normal","28":"owp-tabs-layout-horizontal"},"_links":{"self":[{"href":"https:\/\/casadavointeriores.pt\/pt\/wp-json\/wp\/v2\/product\/5521","targetHints":{"allow":["GET"]}}],"collection":[{"href":"https:\/\/casadavointeriores.pt\/pt\/wp-json\/wp\/v2\/product"}],"about":[{"href":"https:\/\/casadavointeriores.pt\/pt\/wp-json\/wp\/v2\/types\/product"}],"replies":[{"embeddable":true,"href":"https:\/\/casadavointeriores.pt\/pt\/wp-json\/wp\/v2\/comments?post=5521"}],"wp:featuredmedia":[{"embeddable":true,"href":"https:\/\/casadavointeriores.pt\/pt\/wp-json\/wp\/v2\/media\/5495"}],"wp:attachment":[{"href":"https:\/\/casadavointeriores.pt\/pt\/wp-json\/wp\/v2\/media?parent=5521"}],"wp:term":[{"taxonomy":"yst_prominent_words","embeddable":true,"href":"https:\/\/casadavointeriores.pt\/pt\/wp-json\/wp\/v2\/yst_prominent_words?post=5521"}],"curies":[{"name":"wp","href":"https:\/\/api.w.org\/{rel}","templated":true}]}}