{"id":5788,"date":"2025-04-15T17:26:09","date_gmt":"2025-04-15T17:26:09","guid":{"rendered":"https:\/\/casadavointeriores.pt\/product\/cadeeirao-2\/"},"modified":"2026-05-03T17:05:49","modified_gmt":"2026-05-03T17:05:49","slug":"cadeeirao-2","status":"publish","type":"product","link":"https:\/\/casadavointeriores.pt\/pt\/product\/cadeeirao-2\/","title":{"rendered":"Cadeeir\u00e3o"},"content":{"rendered":"<p>Cadeir\u00e3o \u00e0s riscas com patas de madeira<\/p>\n","protected":false},"excerpt":{"rendered":"<p>55cm x 64cm x 73cm<\/p>\n","protected":false},"featured_media":5737,"comment_status":"open","ping_status":"closed","template":"","meta":[],"yst_prominent_words":[],"class_list":{"0":"post-5788","1":"product","2":"type-product","3":"status-publish","4":"has-post-thumbnail","6":"product_cat-mobiliario-cadeiroes","7":"product_tag-cadeirao","8":"product_tag-madeira","9":"product_tag-patas","10":"product_tag-riscas","11":"entry","12":"has-media","15":"first","16":"outofstock","17":"shipping-taxable","18":"purchasable","19":"product-type-simple","20":"has-product-nav","21":"col","22":"span_1_of_4","23":"owp-content-center","24":"owp-thumbs-layout-horizontal","25":"owp-btn-normal","26":"owp-tabs-layout-horizontal"},"_links":{"self":[{"href":"https:\/\/casadavointeriores.pt\/pt\/wp-json\/wp\/v2\/product\/5788","targetHints":{"allow":["GET"]}}],"collection":[{"href":"https:\/\/casadavointeriores.pt\/pt\/wp-json\/wp\/v2\/product"}],"about":[{"href":"https:\/\/casadavointeriores.pt\/pt\/wp-json\/wp\/v2\/types\/product"}],"replies":[{"embeddable":true,"href":"https:\/\/casadavointeriores.pt\/pt\/wp-json\/wp\/v2\/comments?post=5788"}],"wp:featuredmedia":[{"embeddable":true,"href":"https:\/\/casadavointeriores.pt\/pt\/wp-json\/wp\/v2\/media\/5737"}],"wp:attachment":[{"href":"https:\/\/casadavointeriores.pt\/pt\/wp-json\/wp\/v2\/media?parent=5788"}],"wp:term":[{"taxonomy":"yst_prominent_words","embeddable":true,"href":"https:\/\/casadavointeriores.pt\/pt\/wp-json\/wp\/v2\/yst_prominent_words?post=5788"}],"curies":[{"name":"wp","href":"https:\/\/api.w.org\/{rel}","templated":true}]}}