{"id":6390,"date":"2025-07-21T17:26:50","date_gmt":"2025-07-21T17:26:50","guid":{"rendered":"https:\/\/casadavointeriores.pt\/product\/cama-de-rede\/"},"modified":"2025-07-21T17:28:37","modified_gmt":"2025-07-21T17:28:37","slug":"cama-de-rede","status":"publish","type":"product","link":"https:\/\/casadavointeriores.pt\/pt\/product\/cama-de-rede\/","title":{"rendered":"Cama de rede"},"content":{"rendered":"<p>Cama de rede \u00e0s riscas azuis, verdes e beje adequada para o exterior e lavagem na m\u00e1quina da roupa at\u00e9 40\u00baC.<br \/>\nTr\u00e1s saco para guardar com o mesmo motivo da cama.<\/p>\n","protected":false},"excerpt":{"rendered":"<p>100cm x 200cm<br \/>\nCama de rede \u00e0s riscas azuis, verdes e beje<\/p>\n","protected":false},"featured_media":6259,"comment_status":"open","ping_status":"closed","template":"","meta":[],"yst_prominent_words":[],"class_list":{"0":"post-6390","1":"product","2":"type-product","3":"status-publish","4":"has-post-thumbnail","6":"product_cat-textil","7":"product_tag-cama","8":"product_tag-cama-de-rede","9":"product_tag-saco","10":"product_tag-tecido","11":"entry","12":"has-media","15":"first","16":"instock","17":"shipping-taxable","18":"purchasable","19":"product-type-simple","20":"has-product-nav","21":"col","22":"span_1_of_4","23":"owp-content-center","24":"owp-thumbs-layout-horizontal","25":"owp-btn-normal","26":"owp-tabs-layout-horizontal"},"_links":{"self":[{"href":"https:\/\/casadavointeriores.pt\/pt\/wp-json\/wp\/v2\/product\/6390","targetHints":{"allow":["GET"]}}],"collection":[{"href":"https:\/\/casadavointeriores.pt\/pt\/wp-json\/wp\/v2\/product"}],"about":[{"href":"https:\/\/casadavointeriores.pt\/pt\/wp-json\/wp\/v2\/types\/product"}],"replies":[{"embeddable":true,"href":"https:\/\/casadavointeriores.pt\/pt\/wp-json\/wp\/v2\/comments?post=6390"}],"wp:featuredmedia":[{"embeddable":true,"href":"https:\/\/casadavointeriores.pt\/pt\/wp-json\/wp\/v2\/media\/6259"}],"wp:attachment":[{"href":"https:\/\/casadavointeriores.pt\/pt\/wp-json\/wp\/v2\/media?parent=6390"}],"wp:term":[{"taxonomy":"yst_prominent_words","embeddable":true,"href":"https:\/\/casadavointeriores.pt\/pt\/wp-json\/wp\/v2\/yst_prominent_words?post=6390"}],"curies":[{"name":"wp","href":"https:\/\/api.w.org\/{rel}","templated":true}]}}